{"id":9321,"date":"2018-07-12T11:23:07","date_gmt":"2018-07-12T15:23:07","guid":{"rendered":"https:\/\/www.duhaimegourmet.com\/?page_id=9321"},"modified":"2025-10-01T14:23:15","modified_gmt":"2025-10-01T18:23:15","slug":"apple-picking","status":"publish","type":"page","link":"https:\/\/www.duhaimegourmet.com\/en\/apple-picking\/","title":{"rendered":"Apple picking"},"content":{"rendered":"<div class=\"wpb-content-wrapper\"><p>[vc_row row_style=&#8221;full-width&#8221;][vc_column width=&#8221;1\/6&#8243;][\/vc_column][vc_column width=&#8221;2\/3&#8243;][vc_row_inner][vc_column_inner width=&#8221;1\/2&#8243;][wyde_heading style=&#8221;8&#8243; text_align=&#8221;left&#8221; title=&#8221;L\u2019autocueillette est ouverte tous les jours de 9 heures \u00e0 17 heures&#8221;][vc_empty_space height=&#8221;20px&#8221;][vc_column_text]<strong>SAISON 2023 EN COURS!<\/strong><\/p>\n<p>Soyez \u00e0 l&#8217;aff\u00fbt des derni\u00e8res nouvelles sur l&#8217;autocueillette!<br \/>\n<a href=\"https:\/\/www.facebook.com\/verger.culturesduhaime\" target=\"_blank\" rel=\"noopener noreferrer\">Facebook<\/a><br \/>\n<a href=\"https:\/\/www.instagram.com\/vergerculturesduhaime\/?hl=fr\" target=\"_blank\" rel=\"noopener noreferrer\">Instagram<\/a><\/p>\n<p><a href=\"https:\/\/www.duhaimegourmet.com\/en\/the-activities\/\">Plusieurs activit\u00e9s<\/a> vous attendent au verger Les Cultures Duhaime! Nos d\u00e9licieuses pommes issues d\u2019une culture responsable sont pr\u00eate pour l\u2019autocueillette!<\/p>\n<h4><span style=\"color: #aba144;\">Venez cueillir des pommes au verger!<\/span><\/h4>\n<p><a href=\"https:\/\/www.google.com\/maps\/place\/Verger+Duhaime+inc.\/@45.8334912,-72.5803818,17z\/data=!4m13!1m7!3m6!1s0x4cc8145293df4c13:0x180639eb6df01511!2s405+QC-239,+Saint-Germain-de-Grantham,+QC+J0C+1K0!3b1!8m2!3d45.8334496!4d-72.5777815!3m4!1s0x4cc8400e2261753b:0xe5d7fbbc7f91c13!8m2!3d45.8334659!4d-72.5778096\" target=\"_blank\" rel=\"noopener noreferrer\">405, route 239<\/a><br \/>\nSt-Germain-de-Grantham<br \/>\n(Qu\u00e9bec) J0C 1K0[\/vc_column_text][\/vc_column_inner][vc_column_inner width=&#8221;1\/2&#8243;][wyde_image_gallery image_size=&#8221;gogreen-large&#8221; gallery_type=&#8221;grid-space&#8221; columns=&#8221;3&#8243; hover_effect=&#8221;zoomIn&#8221; images=&#8221;10006,10008,10004,11164,11175,11156&#8243;][\/vc_column_inner][\/vc_row_inner][\/vc_column][vc_column width=&#8221;1\/6&#8243;][\/vc_column][\/vc_row][vc_row row_style=&#8221;full-width&#8221; vertical_align=&#8221;middle&#8221; padding_size=&#8221;no-padding&#8221; background_overlay=&#8221;color&#8221; overlay_color=&#8221;rgba(186,147,7,0.85)&#8221; background_mode=&#8221;image&#8221; background_image=&#8221;11160&#8243; bg_image_url=&#8221;https:\/\/www.duhaimegourmet.com\/wp-content\/uploads\/2025\/10\/pommes-verger-autocueillette-verger-duhaime-2025-150&#215;150.jpg&#8221; css=&#8221;.vc_custom_1759341501709{padding-top: 5% !important;padding-bottom: 5% !important;}&#8221;][vc_column padding_size=&#8221;no-padding&#8221;][vc_row_inner][vc_column_inner width=&#8221;1\/4&#8243;][\/vc_column_inner][vc_column_inner text_align=&#8221;center&#8221; width=&#8221;1\/2&#8243;][wyde_icon_block icon_set=&#8221;farming&#8221; icon_farming=&#8221;fm-apple&#8221; size=&#8221;large&#8221; bg_color=&#8221;#e31e24&#8243; css=&#8221;.vc_custom_1599235838200{background-color: #e31e24 !important;}&#8221;][vc_empty_space height=&#8221;40px&#8221;][vc_custom_heading text=&#8221;Here are the varieties of apples available for self-picking from mid-August.&#8221; font_container=&#8221;tag:h2|font_size:32px|text_align:center|color:%23ffffff|line_height:34px&#8221; use_theme_fonts=&#8221;yes&#8221;][\/vc_column_inner][vc_column_inner width=&#8221;1\/4&#8243;][\/vc_column_inner][\/vc_row_inner][\/vc_column][\/vc_row][vc_row row_style=&#8221;full-width&#8221; padding_size=&#8221;no-padding&#8221; css=&#8221;.vc_custom_1522325841844{padding-top: 80px !important;padding-right: 40px !important;padding-bottom: 120px !important;padding-left: 40px !important;}&#8221;][vc_column text_align=&#8221;center&#8221; padding_size=&#8221;no-padding&#8221;][vc_empty_space height=&#8221;40px&#8221;][vc_column_text]\n<table id=\"tablepress-2\" class=\"tablepress tablepress-id-2\">\n<tbody class=\"row-striping row-hover\">\n<tr class=\"row-1\">\n\t<td class=\"column-1\">Varieties<\/td><td class=\"column-2\">Mid-August<\/td><td class=\"column-3\">End of August<\/td><td class=\"column-4\">Early September<\/td><td class=\"column-5\">Mid-September<\/td><td class=\"column-6\">End of September<\/td><td class=\"column-7\">Beginning of October<\/td><td class=\"column-8\">Mid-October<\/td><td class=\"column-9\">End of October<\/td>\n<\/tr>\n<tr class=\"row-2\">\n\t<td class=\"column-1\">Lobi<\/td><td class=\"column-2\">x<\/td><td class=\"column-3\"><\/td><td class=\"column-4\"><\/td><td class=\"column-5\"><\/td><td class=\"column-6\"><\/td><td class=\"column-7\"><\/td><td class=\"column-8\"><\/td><td class=\"column-9\"><\/td>\n<\/tr>\n<tr class=\"row-3\">\n\t<td class=\"column-1\">Melba<\/td><td class=\"column-2\">x<\/td><td class=\"column-3\"><\/td><td class=\"column-4\"><\/td><td class=\"column-5\"><\/td><td class=\"column-6\"><\/td><td class=\"column-7\"><\/td><td class=\"column-8\"><\/td><td class=\"column-9\"><\/td>\n<\/tr>\n<tr class=\"row-4\">\n\t<td class=\"column-1\">Wellington<\/td><td class=\"column-2\">x<\/td><td class=\"column-3\"><\/td><td class=\"column-4\"><\/td><td class=\"column-5\"><\/td><td class=\"column-6\"><\/td><td class=\"column-7\"><\/td><td class=\"column-8\"><\/td><td class=\"column-9\"><\/td>\n<\/tr>\n<tr class=\"row-5\">\n\t<td class=\"column-1\">Belle d'Ao\u00fbt<\/td><td class=\"column-2\">x<\/td><td class=\"column-3\"><\/td><td class=\"column-4\"><\/td><td class=\"column-5\"><\/td><td class=\"column-6\"><\/td><td class=\"column-7\"><\/td><td class=\"column-8\"><\/td><td class=\"column-9\"><\/td>\n<\/tr>\n<tr class=\"row-6\">\n\t<td class=\"column-1\">Paulared<\/td><td class=\"column-2\"><\/td><td class=\"column-3\">x<\/td><td class=\"column-4\"><\/td><td class=\"column-5\"><\/td><td class=\"column-6\"><\/td><td class=\"column-7\"><\/td><td class=\"column-8\"><\/td><td class=\"column-9\"><\/td>\n<\/tr>\n<tr class=\"row-7\">\n\t<td class=\"column-1\">Dolgo<\/td><td class=\"column-2\"><\/td><td class=\"column-3\"><\/td><td class=\"column-4\">x<\/td><td class=\"column-5\"><\/td><td class=\"column-6\"><\/td><td class=\"column-7\"><\/td><td class=\"column-8\"><\/td><td class=\"column-9\"><\/td>\n<\/tr>\n<tr class=\"row-8\">\n\t<td class=\"column-1\">Britegold<\/td><td class=\"column-2\"><\/td><td class=\"column-3\"><\/td><td class=\"column-4\">x<\/td><td class=\"column-5\"><\/td><td class=\"column-6\"><\/td><td class=\"column-7\"><\/td><td class=\"column-8\"><\/td><td class=\"column-9\"><\/td>\n<\/tr>\n<tr class=\"row-9\">\n\t<td class=\"column-1\">Delcorf<\/td><td class=\"column-2\"><\/td><td class=\"column-3\"><\/td><td class=\"column-4\">x<\/td><td class=\"column-5\"><\/td><td class=\"column-6\"><\/td><td class=\"column-7\"><\/td><td class=\"column-8\"><\/td><td class=\"column-9\"><\/td>\n<\/tr>\n<tr class=\"row-10\">\n\t<td class=\"column-1\">Lobo<\/td><td class=\"column-2\"><\/td><td class=\"column-3\"><\/td><td class=\"column-4\"><\/td><td class=\"column-5\">x<\/td><td class=\"column-6\"><\/td><td class=\"column-7\"><\/td><td class=\"column-8\"><\/td><td class=\"column-9\"><\/td>\n<\/tr>\n<tr class=\"row-11\">\n\t<td class=\"column-1\">Britemac<\/td><td class=\"column-2\"><\/td><td class=\"column-3\"><\/td><td class=\"column-4\"><\/td><td class=\"column-5\">x<\/td><td class=\"column-6\"><\/td><td class=\"column-7\"><\/td><td class=\"column-8\"><\/td><td class=\"column-9\"><\/td>\n<\/tr>\n<tr class=\"row-12\">\n\t<td class=\"column-1\">Early Cortland<\/td><td class=\"column-2\"><\/td><td class=\"column-3\"><\/td><td class=\"column-4\"><\/td><td class=\"column-5\">x<\/td><td class=\"column-6\"><\/td><td class=\"column-7\"><\/td><td class=\"column-8\"><\/td><td class=\"column-9\"><\/td>\n<\/tr>\n<tr class=\"row-13\">\n\t<td class=\"column-1\">McIntosh<\/td><td class=\"column-2\"><\/td><td class=\"column-3\"><\/td><td class=\"column-4\"><\/td><td class=\"column-5\">x<\/td><td class=\"column-6\"><\/td><td class=\"column-7\"><\/td><td class=\"column-8\"><\/td><td class=\"column-9\"><\/td>\n<\/tr>\n<tr class=\"row-14\">\n\t<td class=\"column-1\">Red cort<\/td><td class=\"column-2\"><\/td><td class=\"column-3\"><\/td><td class=\"column-4\"><\/td><td class=\"column-5\">x<\/td><td class=\"column-6\"><\/td><td class=\"column-7\"><\/td><td class=\"column-8\"><\/td><td class=\"column-9\"><\/td>\n<\/tr>\n<tr class=\"row-15\">\n\t<td class=\"column-1\">Spartan<\/td><td class=\"column-2\"><\/td><td class=\"column-3\"><\/td><td class=\"column-4\"><\/td><td class=\"column-5\">x<\/td><td class=\"column-6\"><\/td><td class=\"column-7\"><\/td><td class=\"column-8\"><\/td><td class=\"column-9\"><\/td>\n<\/tr>\n<tr class=\"row-16\">\n\t<td class=\"column-1\">Empire<\/td><td class=\"column-2\"><\/td><td class=\"column-3\"><\/td><td class=\"column-4\"><\/td><td class=\"column-5\"><\/td><td class=\"column-6\">x<\/td><td class=\"column-7\"><\/td><td class=\"column-8\"><\/td><td class=\"column-9\"><\/td>\n<\/tr>\n<tr class=\"row-17\">\n\t<td class=\"column-1\">Cortland<\/td><td class=\"column-2\"><\/td><td class=\"column-3\"><\/td><td class=\"column-4\"><\/td><td class=\"column-5\"><\/td><td class=\"column-6\">x<\/td><td class=\"column-7\"><\/td><td class=\"column-8\"><\/td><td class=\"column-9\"><\/td>\n<\/tr>\n<tr class=\"row-18\">\n\t<td class=\"column-1\">Honeycrisp<\/td><td class=\"column-2\"><\/td><td class=\"column-3\"><\/td><td class=\"column-4\"><\/td><td class=\"column-5\"><\/td><td class=\"column-6\">x<\/td><td class=\"column-7\"><\/td><td class=\"column-8\"><\/td><td class=\"column-9\"><\/td>\n<\/tr>\n<tr class=\"row-19\">\n\t<td class=\"column-1\">Honeygold<\/td><td class=\"column-2\"><\/td><td class=\"column-3\"><\/td><td class=\"column-4\"><\/td><td class=\"column-5\"><\/td><td class=\"column-6\">x<\/td><td class=\"column-7\"><\/td><td class=\"column-8\"><\/td><td class=\"column-9\"><\/td>\n<\/tr>\n<tr class=\"row-20\">\n\t<td class=\"column-1\">Primegold<\/td><td class=\"column-2\"><\/td><td class=\"column-3\"><\/td><td class=\"column-4\"><\/td><td class=\"column-5\"><\/td><td class=\"column-6\">x<\/td><td class=\"column-7\"><\/td><td class=\"column-8\"><\/td><td class=\"column-9\"><\/td>\n<\/tr>\n<tr class=\"row-21\">\n\t<td class=\"column-1\">Rosinette<\/td><td class=\"column-2\"><\/td><td class=\"column-3\"><\/td><td class=\"column-4\"><\/td><td class=\"column-5\"><\/td><td class=\"column-6\">x<\/td><td class=\"column-7\"><\/td><td class=\"column-8\"><\/td><td class=\"column-9\"><\/td>\n<\/tr>\n<tr class=\"row-22\">\n\t<td class=\"column-1\">Rapha\u00eblla<\/td><td class=\"column-2\"><\/td><td class=\"column-3\"><\/td><td class=\"column-4\"><\/td><td class=\"column-5\"><\/td><td class=\"column-6\"><\/td><td class=\"column-7\">x<\/td><td class=\"column-8\"><\/td><td class=\"column-9\"><\/td>\n<\/tr>\n<tr class=\"row-23\">\n\t<td class=\"column-1\">Libert\u00e9<\/td><td class=\"column-2\"><\/td><td class=\"column-3\"><\/td><td class=\"column-4\"><\/td><td class=\"column-5\"><\/td><td class=\"column-6\"><\/td><td class=\"column-7\">x<\/td><td class=\"column-8\"><\/td><td class=\"column-9\"><\/td>\n<\/tr>\n<tr class=\"row-24\">\n\t<td class=\"column-1\">Moira<\/td><td class=\"column-2\"><\/td><td class=\"column-3\"><\/td><td class=\"column-4\"><\/td><td class=\"column-5\"><\/td><td class=\"column-6\"><\/td><td class=\"column-7\">x<\/td><td class=\"column-8\"><\/td><td class=\"column-9\"><\/td>\n<\/tr>\n<tr class=\"row-25\">\n\t<td class=\"column-1\">Octobre<\/td><td class=\"column-2\"><\/td><td class=\"column-3\"><\/td><td class=\"column-4\"><\/td><td class=\"column-5\"><\/td><td class=\"column-6\"><\/td><td class=\"column-7\">x<\/td><td class=\"column-8\"><\/td><td class=\"column-9\"><\/td>\n<\/tr>\n<tr class=\"row-26\">\n\t<td class=\"column-1\">Passionnata<\/td><td class=\"column-2\"><\/td><td class=\"column-3\"><\/td><td class=\"column-4\"><\/td><td class=\"column-5\"><\/td><td class=\"column-6\"><\/td><td class=\"column-7\">x<\/td><td class=\"column-8\"><\/td><td class=\"column-9\"><\/td>\n<\/tr>\n<\/tbody>\n<\/table>\n<!-- #tablepress-2 from cache -->[\/vc_column_text][\/vc_column][\/vc_row]<\/p>\n<\/div>","protected":false},"excerpt":{"rendered":"<p>[vc_row row_style=&#8221;full-width&#8221;][vc_column width=&#8221;1\/6&#8243;][\/vc_column][vc_column width=&#8221;2\/3&#8243;][vc_row_inner][vc_column_inner width=&#8221;1\/2&#8243;][wyde_heading style=&#8221;8&#8243; text_align=&#8221;left&#8221; title=&#8221;L\u2019autocueillette est ouverte tous les jours de 9 heures \u00e0 17 heures&#8221;][vc_empty_space height=&#8221;20px&#8221;][vc_column_text]SAISON 2023 EN COURS! Soyez \u00e0 l&#8217;aff\u00fbt des derni\u00e8res nouvelles sur l&#8217;autocueillette! Facebook Instagram Plusieurs activit\u00e9s vous attendent au verger Les Cultures Duhaime! Nos d\u00e9licieuses pommes issues d\u2019une culture responsable sont pr\u00eate pour l\u2019autocueillette! Venez cueillir [&hellip;]<\/p>\n","protected":false},"author":1,"featured_media":0,"parent":0,"menu_order":0,"comment_status":"closed","ping_status":"closed","template":"","meta":{"_acf_changed":false,"footnotes":""},"class_list":["post-9321","page","type-page","status-publish","hentry"],"acf":[],"_links":{"self":[{"href":"https:\/\/www.duhaimegourmet.com\/en\/wp-json\/wp\/v2\/pages\/9321","targetHints":{"allow":["GET"]}}],"collection":[{"href":"https:\/\/www.duhaimegourmet.com\/en\/wp-json\/wp\/v2\/pages"}],"about":[{"href":"https:\/\/www.duhaimegourmet.com\/en\/wp-json\/wp\/v2\/types\/page"}],"author":[{"embeddable":true,"href":"https:\/\/www.duhaimegourmet.com\/en\/wp-json\/wp\/v2\/users\/1"}],"replies":[{"embeddable":true,"href":"https:\/\/www.duhaimegourmet.com\/en\/wp-json\/wp\/v2\/comments?post=9321"}],"version-history":[{"count":10,"href":"https:\/\/www.duhaimegourmet.com\/en\/wp-json\/wp\/v2\/pages\/9321\/revisions"}],"predecessor-version":[{"id":11177,"href":"https:\/\/www.duhaimegourmet.com\/en\/wp-json\/wp\/v2\/pages\/9321\/revisions\/11177"}],"wp:attachment":[{"href":"https:\/\/www.duhaimegourmet.com\/en\/wp-json\/wp\/v2\/media?parent=9321"}],"curies":[{"name":"wp","href":"https:\/\/api.w.org\/{rel}","templated":true}]}}